{"id":12770,"date":"2023-01-25T11:01:24","date_gmt":"2023-01-25T11:01:24","guid":{"rendered":"https:\/\/www.traininginabox.it\/privacy-policy-commerciale\/"},"modified":"2023-07-20T10:53:35","modified_gmt":"2023-07-20T10:53:35","slug":"politica-de-privacidad-comercial","status":"publish","type":"page","link":"https:\/\/www.traininginabox.it\/es\/politica-de-privacidad-comercial\/","title":{"rendered":"POL\u00cdTICA DE PRIVACIDAD COMERCIAL"},"content":{"rendered":"<p><strong>Informaci\u00f3n sobre el procesamiento de datos personales de conformidad con el art. 13 del Reglamento UE 2016\/679 sobre protecci\u00f3n de datos personales (\u00abReglamento\u00bb). <\/strong><\/p>\n<p><strong>\u00a0<\/strong>La compa\u00f1\u00eda One Team s.r.l., con domicilio social en via Winckelmann 1 \u2013 20146 MILAN (MI), Tel +39 0247719331, C.F.\/ P.I. 12272790150, en la persona del representante legal <em>Ing. Riccardo Perego<\/em>, como TITULAR DEL TRATAMIENTO de datos personales, sensibles o judiciales (el <strong>\u00abTitular\u00bb<\/strong>) en los t\u00e9rminos del art. 13 del Reglamento 679\/2016, proporciona la siguiente informaci\u00f3n definida como <strong>Informaci\u00f3n de Privacidad<\/strong>\u00ab.<\/p>\n<p><strong><u>Tipo de datos tratados, finalidad y base jur\u00eddica del tratamiento<\/u><\/strong><\/p>\n<p>Los datos personales, sensibles o judiciales proporcionados a nuestra Empresa tambi\u00e9n a trav\u00e9s de diferentes formularios y modalidades tales como formularios o formularios elaborados ad hoc, ser\u00e1n tratados para todas las obligaciones contractuales.<\/p>\n<p><u>Los datos podr\u00e1n ser tratados para las siguientes finalidades:<\/u><\/p>\n<ol>\n<li><u>gesti\u00f3n de pagos y eventuales impagos (cobro de deudas y litigios);<\/u><\/li>\n<li><u>determinar, ejercer o defender nuestro derecho ante los tribunales;<\/u><\/li>\n<li><u>adempimento di obblighi di legge, di normativa in materia fiscale o contabile (ad esempio fatturazione);<\/u><\/li>\n<li><u>sujeto a <strong>consentimiento espec\u00edfico y por separado<\/strong><\/u><u>, para la realizaci\u00f3n de actividades exclusivamente relacionadas con la<\/u><em><u> promoci\u00f3n comercial, el marketing o cualquier actividad de elaboraci\u00f3n de perfiles.<\/u><\/em><\/li>\n<\/ol>\n<p>El tratamiento de los datos proporcionados est\u00e1 permitido porque:<\/p>\n<ul>\n<li>necesario para la ejecuci\u00f3n del contrato estipulado con nuestra Compa\u00f1\u00eda del cual el interesado es parte integrante;<\/li>\n<li>necesario para cumplir con nuestras responsabilidades legales y\/o reglamentarias, por ejemplo, al informar a las autoridades, organismos gubernamentales y\/o reglamentarios;<\/li>\n<li>necesario para iniciar, perseguir o defender demandas legales;<\/li>\n<li>para representarlo en los foros apropiados (si es necesario);<\/li>\n<li>para cumplir los diferentes actos necesarios y previstos por el contrato;<\/li>\n<li>cuando lo exija la ley, en base al consentimiento expl\u00edcito presente en un modelo espec\u00edfico.<\/li>\n<\/ul>\n<p><strong><u>Naturaleza del suministro de datos y consecuencias de la negativa<\/u><\/strong><\/p>\n<p>El suministro de datos, aunque facultativo, es necesario en relaci\u00f3n con las finalidades indicadas anteriormente. En el caso de tratamiento basado en el consentimiento, este consentimiento se considera <u>necesario<\/u>. La negativa total o parcial a facilitar los datos o a prestar el consentimiento cuando sea necesario supondr\u00e1 la imposibilidad de perseguir las finalidades correspondientes.<\/p>\n<p><strong><u>M\u00e9todos de tratamiento<\/u><\/strong><\/p>\n<p>El procesamiento de datos se realiza con o sin la ayuda de herramientas electr\u00f3nicas, automatizadas, inform\u00e1ticas o telem\u00e1ticas, con una l\u00f3gica estrictamente relacionada con los fines antes mencionados. El tratamiento de los datos se realizar\u00e1 de forma l\u00edcita y correcta y, en todo caso, de conformidad con la citada legislaci\u00f3n, utilizando herramientas adecuadas para garantizar su seguridad y confidencialidad, y podr\u00e1 realizarse tambi\u00e9n utilizando herramientas automatizadas aptas para almacenar, gestionar y transmitiendo datos ellos mismos.<\/p>\n<p><strong><u>Periodo de almacenamiento<\/u><\/strong><\/p>\n<p>La empresa One Team s.r.l. conserva los datos durante el plazo necesario para el cumplimiento de las obligaciones legales, contractuales y\/o reglamentarias. El per\u00edodo de retenci\u00f3n de la informaci\u00f3n depende del prop\u00f3sito para el cual se procesan los datos y las herramientas con las que se procesa esta informaci\u00f3n. Los criterios utilizados para definir el plazo de conservaci\u00f3n son el tiempo necesario para lograr el fin relacionado, el tiempo necesario para completar la relaci\u00f3n contractual, el tiempo exigido por las leyes aplicables en la materia.<\/p>\n<p>Al finalizar el periodo previsto de conservaci\u00f3n de los datos, estos ser\u00e1n borrados en la modalidad m\u00e1s segura posible.Al final del per\u00edodo de retenci\u00f3n, los datos se eliminar\u00e1n o destruir\u00e1n de manera segura cuando sea posible, o se volver\u00e1n an\u00f3nimos.<\/p>\n<p><strong><u>Comunicaci\u00f3n y difusi\u00f3n de datos<\/u><\/strong><\/p>\n<p>Los datos no ser\u00e1n cedidos a sujetos desconocidos. Por otra parte, podr\u00e1n ser comunicados, si la comunicaci\u00f3n es necesaria y\/o funcional para el desempe\u00f1o de nuestra actividad, en las formas y para los fines ilustrados anteriormente, a sujetos externos, que realicen actividades de tratamiento como responsables independientes del tratamiento o como gerentes, pertenecientes a las siguientes categor\u00edas:<\/p>\n<ol>\n<li>sociedades vinculadas a nosotros por motivos operativos, sociedades de asesoramiento administrativo, laboral, fiscal, jur\u00eddico y notarial por obligaciones legales o para conocer, ejercer o defender nuestro derecho ante los tribunales;<\/li>\n<li>proveedores de servicios de TI;<\/li>\n<li>organismos p\u00fablicos y privados, tambi\u00e9n tras inspecciones, controles, gestiones, para el cumplimiento de obligaciones legales y\/o disposiciones de organismos p\u00fablicos (por ejemplo, administraci\u00f3n financiera, cuerpos policiales, autoridades judiciales).<\/li>\n<\/ol>\n<p>Los terceros que tratan datos por cuenta del TITULAR han sido adecuadamente seleccionados y evaluados y est\u00e1n dotados de experiencia, capacidad y fiabilidad, ofreciendo una adecuada garant\u00eda en el pleno cumplimiento de las disposiciones vigentes sobre tratamiento, incluido el perfil de seguridad de los datos.<\/p>\n<p>Estos sujetos han sido, seg\u00fan lo exige el reglamento, designados formalmente a trav\u00e9s de un contrato o acto legal espec\u00edfico de conformidad con la legislaci\u00f3n nacional como procesadores de datos de conformidad con el art\u00edculo 28 del Reglamento Europeo y est\u00e1n sujetos a obligaciones contractuales y reglamentarias para mantener y asegurar los datos. confidencialidad Peri\u00f3dicamente la empresa One Team s.r.l. verifica que el RESPONSABLE ha cumplido puntualmente con las tareas que le han sido encomendadas y que contin\u00faa brindando las adecuadas garant\u00edas del \u00edntegro cumplimiento de las disposiciones sobre protecci\u00f3n de datos personales, sensibles o judiciales. Asimismo, s\u00f3lo tendr\u00e1n acceso a la informaci\u00f3n necesaria para el desempe\u00f1o de sus funciones.<\/p>\n<p>Los datos podr\u00e1n ser comunicados a empresas externas, formalmente designadas por escritura como encargados del tratamiento, responsables de prestar servicios de soporte que impliquen el tratamiento de los datos, como, por ejemplo, servicios jur\u00eddicos y recuperaci\u00f3n de cr\u00e9ditos, gesti\u00f3n y mantenimiento de sistemas inform\u00e1ticos y bases de datos. que incluyen datos de asociados, servicios administrativos y contables, servicios de asistencia a asociados.<\/p>\n<p>Una lista de estos procesadores de datos est\u00e1 siempre disponible y se puede encontrar poni\u00e9ndose en contacto con nuestra empresa enviando un correo electr\u00f3nico a <a href=\"mailto:privacy@oneteam.it\">privacy@oneteam.it<\/a>.<\/p>\n<p>Asimismo, los empleados y colaboradores espec\u00edficamente autorizados del Responsable del Tratamiento podr\u00e1n conocer y tratar los datos, cada uno dentro de los l\u00edmites de las funciones y deberes que desempe\u00f1a y de acuerdo con las instrucciones indicadas en el acta de designaci\u00f3n.<\/p>\n<p><strong>DERECHOS<\/strong><\/p>\n<p>El reglamento europeo establece espec\u00edficamente que los interesados \u200b\u200btienen los siguientes derechos:<\/p>\n<ul>\n<li><strong><u>Derechos de acceso del interesado (ART.15)<\/u><\/strong><\/li>\n<li><strong><u>Derecho a la rectificaci\u00f3n de datos (Art\u00edculo 16)<\/u><\/strong><\/li>\n<li><strong><u>Derecho de cancelaci\u00f3n, limitaci\u00f3n del tratamiento y derecho al olvido (art\u00edculos 17 y 18)<\/u><\/strong><\/li>\n<li><strong><u>Derecho a la portabilidad (Art.20)<\/u><\/strong><\/li>\n<li><strong><u>Derecho de oposici\u00f3n (art\u00edculo 21)<\/u><\/strong><\/li>\n<li><strong><u>Derecho a presentar una reclamaci\u00f3n ante la autoridad de control (art\u00edculo 77)<\/u><\/strong><\/li>\n<\/ul>\n<p><strong>RETIRO DEL CONSENTIMIENTO<\/strong><\/p>\n<p>En cualquier momento puede revocar su consentimiento para el procesamiento de sus datos a trav\u00e9s de los m\u00e9todos proporcionados o directamente enviando un correo electr\u00f3nico a <a href=\"mailto:privacy@oneteam.it\">privacy@oneteam.it<\/a>. Cualquier revocaci\u00f3n no afectar\u00e1 en modo alguno a la licitud del tratamiento basado en el consentimiento prestado antes de la revocaci\u00f3n del mismo.<\/p>\n<p><strong>MODALIDAD DE EJERCICIO DE DERECHOS<\/strong><\/p>\n<p>Puede, en cualquier momento, ejercer sus derechos enviando un mensaje de correo electr\u00f3nico a la direcci\u00f3n de correo electr\u00f3nico: <a href=\"mailto:privacy@oneteam.it\">privacy@oneteam.it<\/a>.<\/p>\n<p><strong>CL\u00c1USULA DE REVISI\u00d3N<\/strong><\/p>\n<p>One Team se reserva el derecho de modificar\/actualizar esta informaci\u00f3n en cualquier momento sin previo aviso. Cada variaci\u00f3n estar\u00e1 disponible en la p\u00e1gina web dedicada en <a href=\"http:\/\/www.oneteam.it\">www.oneteam.it.<\/a><\/p>\n","protected":false},"excerpt":{"rendered":"<p>Informaci\u00f3n sobre el procesamiento de datos personales de conformidad con el art. 13 del Reglamento UE 2016\/679 sobre protecci\u00f3n de datos personales (\u00abReglamento\u00bb). \u00a0La compa\u00f1\u00eda One Team s.r.l., con domicilio social en via Winckelmann 1 \u2013 20146 MILAN (MI), Tel &hellip; <\/p>\n","protected":false},"author":1,"featured_media":0,"parent":0,"menu_order":0,"comment_status":"closed","ping_status":"closed","template":"","meta":{"_bbp_topic_count":0,"_bbp_reply_count":0,"_bbp_total_topic_count":0,"_bbp_total_reply_count":0,"_bbp_voice_count":0,"_bbp_anonymous_reply_count":0,"_bbp_topic_count_hidden":0,"_bbp_reply_count_hidden":0,"_bbp_forum_subforum_count":0,"pmpro_default_level":"","footnotes":""},"class_list":["post-12770","page","type-page","status-publish","hentry","pmpro-has-access"],"yoast_head":"<!-- This site is optimized with the Yoast SEO plugin v26.2 - https:\/\/yoast.com\/wordpress\/plugins\/seo\/ -->\n<title>POL\u00cdTICA DE PRIVACIDAD COMERCIAL - TRAINING IN A BOX<\/title>\n<meta name=\"robots\" content=\"index, follow, max-snippet:-1, max-image-preview:large, max-video-preview:-1\" \/>\n<link rel=\"canonical\" href=\"https:\/\/www.traininginabox.it\/es\/politica-de-privacidad-comercial\/\" \/>\n<meta property=\"og:locale\" content=\"es_ES\" \/>\n<meta property=\"og:type\" content=\"article\" \/>\n<meta property=\"og:title\" content=\"POL\u00cdTICA DE PRIVACIDAD COMERCIAL - TRAINING IN A BOX\" \/>\n<meta property=\"og:description\" content=\"Informaci\u00f3n sobre el procesamiento de datos personales de conformidad con el art. 13 del Reglamento UE 2016\/679 sobre protecci\u00f3n de datos personales (\u00abReglamento\u00bb). \u00a0La compa\u00f1\u00eda One Team s.r.l., con domicilio social en via Winckelmann 1 \u2013 20146 MILAN (MI), Tel &hellip;\" \/>\n<meta property=\"og:url\" content=\"https:\/\/www.traininginabox.it\/es\/politica-de-privacidad-comercial\/\" \/>\n<meta property=\"og:site_name\" content=\"TRAINING IN A BOX\" \/>\n<meta property=\"article:modified_time\" content=\"2023-07-20T10:53:35+00:00\" \/>\n<meta name=\"twitter:card\" content=\"summary_large_image\" \/>\n<meta name=\"twitter:label1\" content=\"Tiempo de lectura\" \/>\n\t<meta name=\"twitter:data1\" content=\"7 minutos\" \/>\n<script type=\"application\/ld+json\" class=\"yoast-schema-graph\">{\"@context\":\"https:\/\/schema.org\",\"@graph\":[{\"@type\":\"WebPage\",\"@id\":\"https:\/\/www.traininginabox.it\/es\/politica-de-privacidad-comercial\/\",\"url\":\"https:\/\/www.traininginabox.it\/es\/politica-de-privacidad-comercial\/\",\"name\":\"POL\u00cdTICA DE PRIVACIDAD COMERCIAL - TRAINING IN A BOX\",\"isPartOf\":{\"@id\":\"https:\/\/www.traininginabox.it\/#website\"},\"datePublished\":\"2023-01-25T11:01:24+00:00\",\"dateModified\":\"2023-07-20T10:53:35+00:00\",\"breadcrumb\":{\"@id\":\"https:\/\/www.traininginabox.it\/es\/politica-de-privacidad-comercial\/#breadcrumb\"},\"inLanguage\":\"es\",\"potentialAction\":[{\"@type\":\"ReadAction\",\"target\":[\"https:\/\/www.traininginabox.it\/es\/politica-de-privacidad-comercial\/\"]}]},{\"@type\":\"BreadcrumbList\",\"@id\":\"https:\/\/www.traininginabox.it\/es\/politica-de-privacidad-comercial\/#breadcrumb\",\"itemListElement\":[{\"@type\":\"ListItem\",\"position\":1,\"name\":\"Home\",\"item\":\"https:\/\/www.traininginabox.it\/es\/\"},{\"@type\":\"ListItem\",\"position\":2,\"name\":\"POL\u00cdTICA DE PRIVACIDAD COMERCIAL\"}]},{\"@type\":\"WebSite\",\"@id\":\"https:\/\/www.traininginabox.it\/#website\",\"url\":\"https:\/\/www.traininginabox.it\/\",\"name\":\"TRAINING IN A BOX\",\"description\":\"Impara dove e quando vuoi\",\"publisher\":{\"@id\":\"https:\/\/www.traininginabox.it\/#organization\"},\"potentialAction\":[{\"@type\":\"SearchAction\",\"target\":{\"@type\":\"EntryPoint\",\"urlTemplate\":\"https:\/\/www.traininginabox.it\/?s={search_term_string}\"},\"query-input\":{\"@type\":\"PropertyValueSpecification\",\"valueRequired\":true,\"valueName\":\"search_term_string\"}}],\"inLanguage\":\"es\"},{\"@type\":\"Organization\",\"@id\":\"https:\/\/www.traininginabox.it\/#organization\",\"name\":\"TRAINING IN A BOX\",\"url\":\"https:\/\/www.traininginabox.it\/\",\"logo\":{\"@type\":\"ImageObject\",\"inLanguage\":\"es\",\"@id\":\"https:\/\/www.traininginabox.it\/#\/schema\/logo\/image\/\",\"url\":\"https:\/\/www.traininginabox.it\/wp-content\/uploads\/2022\/11\/Logo-TIAB-p-2.png\",\"contentUrl\":\"https:\/\/www.traininginabox.it\/wp-content\/uploads\/2022\/11\/Logo-TIAB-p-2.png\",\"width\":400,\"height\":228,\"caption\":\"TRAINING IN A BOX\"},\"image\":{\"@id\":\"https:\/\/www.traininginabox.it\/#\/schema\/logo\/image\/\"}}]}<\/script>\n<!-- \/ Yoast SEO plugin. -->","yoast_head_json":{"title":"POL\u00cdTICA DE PRIVACIDAD COMERCIAL - TRAINING IN A BOX","robots":{"index":"index","follow":"follow","max-snippet":"max-snippet:-1","max-image-preview":"max-image-preview:large","max-video-preview":"max-video-preview:-1"},"canonical":"https:\/\/www.traininginabox.it\/es\/politica-de-privacidad-comercial\/","og_locale":"es_ES","og_type":"article","og_title":"POL\u00cdTICA DE PRIVACIDAD COMERCIAL - TRAINING IN A BOX","og_description":"Informaci\u00f3n sobre el procesamiento de datos personales de conformidad con el art. 13 del Reglamento UE 2016\/679 sobre protecci\u00f3n de datos personales (\u00abReglamento\u00bb). \u00a0La compa\u00f1\u00eda One Team s.r.l., con domicilio social en via Winckelmann 1 \u2013 20146 MILAN (MI), Tel &hellip;","og_url":"https:\/\/www.traininginabox.it\/es\/politica-de-privacidad-comercial\/","og_site_name":"TRAINING IN A BOX","article_modified_time":"2023-07-20T10:53:35+00:00","twitter_card":"summary_large_image","twitter_misc":{"Tiempo de lectura":"7 minutos"},"schema":{"@context":"https:\/\/schema.org","@graph":[{"@type":"WebPage","@id":"https:\/\/www.traininginabox.it\/es\/politica-de-privacidad-comercial\/","url":"https:\/\/www.traininginabox.it\/es\/politica-de-privacidad-comercial\/","name":"POL\u00cdTICA DE PRIVACIDAD COMERCIAL - TRAINING IN A BOX","isPartOf":{"@id":"https:\/\/www.traininginabox.it\/#website"},"datePublished":"2023-01-25T11:01:24+00:00","dateModified":"2023-07-20T10:53:35+00:00","breadcrumb":{"@id":"https:\/\/www.traininginabox.it\/es\/politica-de-privacidad-comercial\/#breadcrumb"},"inLanguage":"es","potentialAction":[{"@type":"ReadAction","target":["https:\/\/www.traininginabox.it\/es\/politica-de-privacidad-comercial\/"]}]},{"@type":"BreadcrumbList","@id":"https:\/\/www.traininginabox.it\/es\/politica-de-privacidad-comercial\/#breadcrumb","itemListElement":[{"@type":"ListItem","position":1,"name":"Home","item":"https:\/\/www.traininginabox.it\/es\/"},{"@type":"ListItem","position":2,"name":"POL\u00cdTICA DE PRIVACIDAD COMERCIAL"}]},{"@type":"WebSite","@id":"https:\/\/www.traininginabox.it\/#website","url":"https:\/\/www.traininginabox.it\/","name":"TRAINING IN A BOX","description":"Impara dove e quando vuoi","publisher":{"@id":"https:\/\/www.traininginabox.it\/#organization"},"potentialAction":[{"@type":"SearchAction","target":{"@type":"EntryPoint","urlTemplate":"https:\/\/www.traininginabox.it\/?s={search_term_string}"},"query-input":{"@type":"PropertyValueSpecification","valueRequired":true,"valueName":"search_term_string"}}],"inLanguage":"es"},{"@type":"Organization","@id":"https:\/\/www.traininginabox.it\/#organization","name":"TRAINING IN A BOX","url":"https:\/\/www.traininginabox.it\/","logo":{"@type":"ImageObject","inLanguage":"es","@id":"https:\/\/www.traininginabox.it\/#\/schema\/logo\/image\/","url":"https:\/\/www.traininginabox.it\/wp-content\/uploads\/2022\/11\/Logo-TIAB-p-2.png","contentUrl":"https:\/\/www.traininginabox.it\/wp-content\/uploads\/2022\/11\/Logo-TIAB-p-2.png","width":400,"height":228,"caption":"TRAINING IN A BOX"},"image":{"@id":"https:\/\/www.traininginabox.it\/#\/schema\/logo\/image\/"}}]}},"_links":{"self":[{"href":"https:\/\/www.traininginabox.it\/es\/wp-json\/wp\/v2\/pages\/12770","targetHints":{"allow":["GET"]}}],"collection":[{"href":"https:\/\/www.traininginabox.it\/es\/wp-json\/wp\/v2\/pages"}],"about":[{"href":"https:\/\/www.traininginabox.it\/es\/wp-json\/wp\/v2\/types\/page"}],"author":[{"embeddable":true,"href":"https:\/\/www.traininginabox.it\/es\/wp-json\/wp\/v2\/users\/1"}],"replies":[{"embeddable":true,"href":"https:\/\/www.traininginabox.it\/es\/wp-json\/wp\/v2\/comments?post=12770"}],"version-history":[{"count":3,"href":"https:\/\/www.traininginabox.it\/es\/wp-json\/wp\/v2\/pages\/12770\/revisions"}],"predecessor-version":[{"id":12786,"href":"https:\/\/www.traininginabox.it\/es\/wp-json\/wp\/v2\/pages\/12770\/revisions\/12786"}],"wp:attachment":[{"href":"https:\/\/www.traininginabox.it\/es\/wp-json\/wp\/v2\/media?parent=12770"}],"curies":[{"name":"wp","href":"https:\/\/api.w.org\/{rel}","templated":true}]}}