{"id":12735,"date":"2022-10-20T13:57:24","date_gmt":"2022-10-20T13:57:24","guid":{"rendered":"https:\/\/www.traininginabox.it\/termini-e-condizioni-di-vendita\/"},"modified":"2023-07-20T10:24:50","modified_gmt":"2023-07-20T10:24:50","slug":"terminos-y-condiciones-de-venta","status":"publish","type":"page","link":"https:\/\/www.traininginabox.it\/es\/terminos-y-condiciones-de-venta\/","title":{"rendered":"T\u00e9rminos y condiciones de venta"},"content":{"rendered":"<p><strong>CONDICIONES DE VENTA ONE TEAM <\/strong><strong>TRAINING IN A BOX<\/strong><\/p>\n<p>&nbsp;<\/p>\n<ol>\n<li><strong>\u00c1MBITO DE APLICACI\u00d3N<\/strong>\n<ol>\n<li>Estas condiciones generales de venta regulan exclusivamente las relaciones comerciales entre One Team, srl (en adelante \u00abOT\u00bb o \u00abOne Team\u00bb) y los Clientes (tambi\u00e9n denominados \u00abUsuarios\u00bb), excluyendo cualquier otra disposici\u00f3n no acordada por escrito. Estas condiciones se han redactado de conformidad con las disposiciones normativas sobre protecci\u00f3n de los consumidores (Decreto Legislativo 6 de septiembre de 2005, n. 206), cuando sean aplicables, y las disposiciones normativas sobre comercio electr\u00f3nico (Decreto Legislativo 9 de abril de 2003, n. 70), as\u00ed como el C\u00f3digo Civil. Estas disposiciones legales, junto con cualquier otra ley y regulaci\u00f3n aplicable, constituyen la \u00abLey Aplicable\u00bb para efectos de estas condiciones.<\/li>\n<li>Las presentes condiciones generales de venta se refieren a la compra de productos y\/o servicios (en adelante, \u00abproducto\/s\u00bb) realizada a distancia por medio de una red inform\u00e1tica, a trav\u00e9s del sitio web: traininginabox.es (en adelante, \u00abSitio\u00bb).<\/li>\n<li>Los clientes, al enviar su orden de compra, aceptan incondicionalmente estas condiciones generales de venta,<\/li>\n<li>Al realizar cualquier compra en el sitio, los Clientes est\u00e1n obligados a expresar su consentimiento a estas condiciones ya todas las disposiciones que rigen el uso del sitio.<\/li>\n<\/ol>\n<\/li>\n<\/ol>\n<p>La aceptaci\u00f3n de los T\u00e9rminos y Condiciones por parte de los Usuarios durante la compra del producto constituye la adhesi\u00f3n expresa a estas condiciones generales hacia OT. Al aceptar, los Usuarios tambi\u00e9n garantizan la veracidad de lo ingresado y comunicado a trav\u00e9s de los procedimientos de registro.<\/p>\n<ol start=\"2\">\n<li><strong>PRECIOS<\/strong>\n<ol>\n<li>Los precios indicados en el sitio pueden ser modificados en cualquier momento por One Team incluso sin previo aviso. Los precios se entienden definitivos en el momento de la aceptaci\u00f3n del pedido por parte de One Team. Cualquier precio, cotizaci\u00f3n y descripci\u00f3n en el Sitio o al que se refiera el Sitio estar\u00e1n sujetos a disponibilidad y no constituir\u00e1n una oferta y podr\u00e1n ser retirados o modificados en cualquier momento antes de la aceptaci\u00f3n del pedido por parte de OT.<\/li>\n<li>La informaci\u00f3n contenida en el sitio o en los medios publicitarios en general sobre los productos comercializados por One Team y los precios relativos constituyen una invitaci\u00f3n a la negociaci\u00f3n. Ninguna de esta informaci\u00f3n puede ser considerada como una oferta al p\u00fablico de conformidad con el art. 1336 del c\u00f3digo civil.<\/li>\n<\/ol>\n<\/li>\n<\/ol>\n<ol start=\"3\">\n<li><strong>PEDIDOS Y CONCLUSI\u00d3N DEL CONTRATO<\/strong>\n<ol>\n<li>OT se reserva el derecho de no aceptar pedidos incomplentos no debidamente y\/o correctamente cumplimentado.<\/li>\n<li>El contrato se considera concluido cuando One Team env\u00eda a los clientes una confirmaci\u00f3n por escrito (por correo electr\u00f3nico) del pedido recibido. De conformidad y para los efectos del art. 1326 del c\u00f3digo civil, la aceptaci\u00f3n del pedido se har\u00e1 efectiva y el contrato se considerar\u00e1 concluido, cuando la oferta sea aceptada por OT mediante el cumplimiento del pedido solicitado y se aceptar\u00e1 la forma de pago elegida.<\/li>\n<li>En caso de que OT, por cualquier motivo imputable o no, no pueda suministrar los productos en el sitio en el momento del pedido o posteriormente, OT se reserva el derecho a rechazar el pedido sin responsabilidad alguna.<\/li>\n<li>Todas las ilustraciones y representaciones disponibles en el Sitio o comunicadas, deben entenderse a t\u00edtulo meramente ilustrativo de los Productos y en modo alguno representan una declaraci\u00f3n de conformidad de los Productos con los mismos.<\/li>\n<\/ol>\n<\/li>\n<\/ol>\n<ol start=\"4\">\n<li><strong>PAGOS<\/strong>\n<ol>\n<li>Los pagos se realizan mediante tarjetas de cr\u00e9dito\/d\u00e9bito\/prepago aceptadas en el circuito Nexi. El pago se realizar\u00e1 directamente en el Sitio en el momento de finalizar el pedido.<\/li>\n<li>Al completar el formulario correspondiente en el sitio web del sistema bancario de pago, los Clientes autorizan a OT a usar su tarjeta de pago y cargar su cuenta corriente a favor de OT por el monto total que se muestra como el costo de la compra. En ning\u00fan caso OT ser\u00e1 responsable del uso fraudulento y\/o indebido y\/o ilegal de tarjetas de pago por parte de terceros en el pago de los productos adquiridos en su Sitio.<\/li>\n<\/ol>\n<\/li>\n<\/ol>\n<ol start=\"5\">\n<li><strong>DECLARACIONES DEL COMPRADOR<\/strong>\n<ol>\n<li>Los clientes deben asegurarse de que toda la informaci\u00f3n que se proporcione al realizar el pedido est\u00e9 actualizada, sea sustancialmente precisa y suficiente para procesar el pedido. Al enviar el pedido, los Clientes tambi\u00e9n declaran que tienen la capacidad legal necesaria para firmar un contrato.<\/li>\n<li>A menos que se acuerde lo contrario o lo disponga la ley aplicable, cualquier garant\u00eda otorgada en relaci\u00f3n con los Productos es v\u00e1lida frente a los Usuarios finales en el supuesto de que, con respecto a los Productos, los Usuarios no son revendedores.<\/li>\n<\/ol>\n<\/li>\n<\/ol>\n<ol start=\"6\">\n<li><strong>ACTIVACI\u00d3N Y USO<\/strong>\n<ol>\n<li>Las fechas\/horas de entrega indicadas en el Sitio, en cualquier comunicaci\u00f3n de acuse de recibo y aceptaci\u00f3n del pedido o en cualquier otro lugar, deben entenderse como estimaciones puramente indicativas. Por lo tanto, OT no ser\u00e1 responsable de los retrasos o de la imposibilidad de respetar las fechas y horas indicadas.<\/li>\n<li>Si los Usuarios se niegan a recibir o no pueden utilizar los Productos debido a limitaciones t\u00e9cnicas, en cumplimiento de lo dispuesto en estas condiciones, todos los riesgos asociados a la p\u00e9rdida o da\u00f1o de los Productos ser\u00e1n asumidos por los Usuarios. Sin perjuicio de cualquier otro derecho de One Team, OT tendr\u00e1 derecho a solicitar el pago inmediato e \u00edntegro de los Productos en cualquier caso.OT se reserva un tiempo t\u00e9cnico para la resoluci\u00f3n de cualquier problema relacionado con traininginabox.it de 3 d\u00edas h\u00e1biles para resolver el problema informado oportunamente por el Usuario a trav\u00e9s del formulario de contacto apropiado en el Sitio.<\/li>\n<li>OT se reserva un tiempo t\u00e9cnico para la resoluci\u00f3n de cualquier problema relacionado con traininginabox.it de 3 d\u00edas h\u00e1biles para resolver el problema informado oportunamente por el Usuario a trav\u00e9s del formulario de contacto apropiado en el Sitio.<\/li>\n<li>Queda expresamente prohibido realizar m\u00faltiples registros correspondientes a una misma persona o introducir datos de terceros. OT se reserva el derecho de procesar legalmente cualquier violaci\u00f3n y abuso.<\/li>\n<li>El acceso a los Productos comprados ser\u00e1 posible las 24 horas del d\u00eda, los 7 d\u00edas de la semana, despu\u00e9s de la compra, el acceso y el uso estar\u00e1n disponibles por un per\u00edodo de 12 meses a menos que se indique lo contrario.<\/li>\n<\/ol>\n<\/li>\n<\/ol>\n<p>OT no ser\u00e1 responsable en modo alguno por per\u00edodos de no conexi\u00f3n inferiores a 24 horas consecutivas o por interrupciones, incluso de mayor duraci\u00f3n, que se produzcan fuera del per\u00edodo de uso de los productos por parte de los Usuarios. Asimismo, OT no ser\u00e1 responsable en ning\u00fan caso de cualquier problema de conexi\u00f3n por parte de los Usuarios y\/o mal funcionamiento de los equipos, o problemas relacionados con la prestaci\u00f3n del servicio de acceso a Internet utilizado por los Usuarios.<\/p>\n<ul>\n<li>En su caso, una vez finalizado el uso y superadas las pruebas de verificaci\u00f3n, se facilitar\u00e1 el Certificado de Uso a los Usuarios que lo soliciten expresamente a trav\u00e9s del formulario de contacto.<\/li>\n<\/ul>\n<ol start=\"7\">\n<li><strong>LIMITACI\u00d3N DE RESPONSABILIDAD<\/strong>\n<ol>\n<li>En caso de comprobarse la responsabilidad de One Team por el incumplimiento total o parcial del contrato, One Team no tendr\u00e1 que responder por los da\u00f1os indirectos y\/o imprevisibles sufridos por los Clientes. En cualquier caso, la compensaci\u00f3n total debida no podr\u00e1 exceder del precio pagado por los Usuarios.<\/li>\n<li>Los clientes renuncian al derecho de recurso contra OT previsto por el art. 131, Decreto Legislativo 206\/2005 (C\u00f3digo de Consumo).<\/li>\n<li>OT no ser\u00e1 responsable ante usted ni por cualquier incumplimiento de contrato por cualquier p\u00e9rdida o da\u00f1o sufrido, en la medida en que dicha p\u00e9rdida o da\u00f1o sea una consecuencia directa o indirecta de eventos que impidieron, dificultaron o retrasaron el cumplimiento de obligaciones ajenas a OT.<\/li>\n<li>El Cliente acepta expresamente que el uso del soporte que contiene los Productos OT se realiza bajo su exclusivo riesgo. OT est\u00e1 expresamente exento de cualquier garant\u00eda, expresa o impl\u00edcita, incluida la garant\u00eda de idoneidad del producto para satisfacer prop\u00f3sitos particulares.<\/li>\n<li>OT se compromete a hacer todo lo que est\u00e9 a su alcance para suministrar los Productos de forma continuada pero no ofrece ninguna garant\u00eda de que los mismos no vayan a sufrir suspensiones e interrupciones. En este caso, se declina toda responsabilidad.<\/li>\n<li>La informaci\u00f3n y los materiales relacionados con los servicios proporcionados se procesan, revisan y actualizan con precisi\u00f3n, integridad y adecuaci\u00f3n: no se proporciona ninguna garant\u00eda, ya sea expresa o impl\u00edcita, por cualquier error, omisi\u00f3n y\/o inexactitud en la informaci\u00f3n y en el material. , o en los resultados que se pueden obtener de ellos. OT no puede ser objeto de reclamos atribuibles a errores, omisiones y\/o inexactitudes con respecto a la informaci\u00f3n y\/o material contenido en los productos y servicios de capacitaci\u00f3n, ni puede ser responsable por cualquier da\u00f1o directo\/indirecto, particular\/incidental y\/o consecuente. dentro de los l\u00edmites del art. 1229 del c\u00f3digo civil debido a su uso de dicha informaci\u00f3n y material.<\/li>\n<li>OT no asegura que la informaci\u00f3n contenida en el material educativo satisfaga las necesidades de los Usuarios y por lo tanto es responsabilidad de los Usuarios elegir el contenido educativo m\u00e1s adecuado de acuerdo a sus necesidades espec\u00edficas.<\/li>\n<\/ol>\n<\/li>\n<\/ol>\n<ol start=\"8\">\n<li><strong>RETIRO<\/strong>\n<ol>\n<li>Los clientes a sabiendas y expresamente aceptan perder cualquier derecho de desistimiento de este contrato a distancia, encontrando las excepciones al derecho de desistimiento a que se refiere el art\u00edculo 59, c.1 lett. a) y o) del Decreto Legislativo 6 de septiembre de 2005 n.206 (C\u00f3digo del Consumidor). En efecto, con la compra de los Productos en el Sitio, los Usuarios consienten la provisi\u00f3n de contenido educativo digital a trav\u00e9s de un soporte no material, con el consentimiento expreso y con la aceptaci\u00f3n de que esta circunstancia excluye cualquier derecho de desistimiento.<\/li>\n<\/ol>\n<\/li>\n<\/ol>\n<ol start=\"9\">\n<li><strong>DERECHOS DE AUTOR<\/strong>\n<ol>\n<li>OT tiene la propiedad exclusiva de las partes del sitio, todas incluidas y no excluidas, como, a modo de ejemplo, pero no limitado a, logotipos, im\u00e1genes, textos, contenidos del curso.<\/li>\n<li>La descarga y el uso de material protegido por derechos de autor puesto a disposici\u00f3n por OT est\u00e1 permitido \u00fanicamente para fines l\u00edcitos y en cumplimiento de las leyes sobre propiedad intelectual: los Clientes, responsables de mantener en secreto la contrase\u00f1a asignada, titulares de un -Derecho transferible de acceso al \u00e1rea reservada, como consecuencia del registro, se compromete a indemnizar y mantener indemne a OT frente a todas y cada una de las reclamaciones y\/o reclamaciones derivadas del uso y\/o abuso de terceros.<\/li>\n<li>De acuerdo con la ley de derechos de autor, cualquier uso comercial de bienes y servicios por parte de terceros, la reproducci\u00f3n total o parcial, la reelaboraci\u00f3n, la transmisi\u00f3n en cualquier forma y en cualquier forma sin la autorizaci\u00f3n previa y por escrito de OT. Usted no puede copiar, distribuir, publicar o usar o explotar los materiales educativos sin el consentimiento previo por escrito de OT.<\/li>\n<li>El acceso a los contenidos del Sitio implica para el cliente el \u00fanico derecho a utilizar, como usuario final, el material de acuerdo con los m\u00e9todos aqu\u00ed establecidos. OT transmite al cliente el derecho exclusivo e intransferible de uso de los contenidos del material educativo.<\/li>\n<li>Los usuarios no est\u00e1n autorizados a desarrollar productos o aplicaciones multimedia a partir de los contenidos de los Productos OT.<\/li>\n<\/ol>\n<\/li>\n<\/ol>\n<ol start=\"10\">\n<li><strong>TRATAMIENTO DE DATOS PERSONALES<\/strong>\n<ol>\n<li>De conformidad con el Reglamento (UE) n. 2016\/679, los Clientes declaran ser conscientes de que los \u00abdatos personales\u00bb comunicados y\/o intercambiados, incluso en la fase de relaci\u00f3n precontractual, ser\u00e1n objeto de tratamiento.<\/li>\n<li>Los clientes reconocen haber tomado conocimiento de la informaci\u00f3n de One Team y haber manifestado expl\u00edcitamente su consentimiento para los aspectos para los que es necesaria dicha manifestaci\u00f3n de voluntad.<\/li>\n<li>De conformidad con el art\u00edculo 13 del Reglamento UE 679\/2016 y del C\u00f3digo de Privacidad modificado por el Decreto Legislativo n.\u00ba 101\/2018, los Usuarios declaran haber sido informados con antelaci\u00f3n sobre:<\/li>\n<\/ol>\n<\/li>\n<\/ol>\n<ol>\n<li>a) la finalidad y la moalidad del tratamientos de los proprios datos personales;<\/li>\n<li>b) el car\u00e1cter obligatorio o facultativo del suministro de datos;<\/li>\n<li>c) las consecuencias de la falta de comunicaci\u00f3n de los mismos datos;<\/li>\n<li>d) los sujetos o categor\u00edas de sujetos a quienes se pueden comunicar los datos personales, o que pueden conocerlos como administradores o agentes, y el alcance de la difusi\u00f3n de los datos;<\/li>\n<li>e) los derechos reservados a \u00e9l;<\/li>\n<li>f) los datos identificativos del titular.<\/li>\n<\/ol>\n<p>En particular, en relaci\u00f3n con los puntos a) y b) antes mencionados, le informamos que los datos recabados ser\u00e1n tratados con la finalidad de permitir la compra de los Productos. El suministro de datos y el consentimiento para su tratamiento es, por lo tanto, una condici\u00f3n necesaria para completar el procedimiento de registro. Por lo tanto, los clientes consienten el procesamiento de datos y su comunicaci\u00f3n a terceros para todos los fines y m\u00e9todos necesarios para la ejecuci\u00f3n del contrato, hasta su completa ejecuci\u00f3n, y tambi\u00e9n para cualquier acci\u00f3n legal.<\/p>\n<ul>\n<li>Los datos en s\u00ed ser\u00e1n tratados por OT con herramientas electr\u00f3nicas automatizadas y manuales, para la correcta prestaci\u00f3n del servicio y seg\u00fan l\u00f3gicas relacionadas con las finalidades antes mencionadas, de manera de garantizar la seguridad y confidencialidad de los datos.<\/li>\n<li>En cualquier caso, la informaci\u00f3n completa se puede encontrar en el sitio web de OT, aqu\u00ed, y todav\u00eda es posible solicitar informaci\u00f3n o ejercer los derechos previstos por el Reglamento de la UE 679\/2016 escribiendo a <a href=\"mailto:privacy@oneteam.it\">privacy@oneteam.it<\/a>.<\/li>\n<\/ul>\n<ol start=\"11\">\n<li><strong>JURISDICCI\u00d3N<\/strong>\n<ol>\n<li>Para cualquier disputa relacionada con la interpretaci\u00f3n o ejecuci\u00f3n de estas condiciones generales y\/o contratos celebrados entre los Clientes y One Team de conformidad con estas condiciones generales, el Tribunal de Mil\u00e1n tendr\u00e1 jurisdicci\u00f3n exclusiva.<\/li>\n<\/ol>\n<\/li>\n<\/ol>\n<ol start=\"12\">\n<li><strong>MODIFICACI\u00d3N DE LAS CONDICIONES GENERALES DE VENTA<\/strong>\n<ol>\n<li>One Team se reserva el derecho de modificar, sin previo aviso, las presentes condiciones generales de venta. Los cambios entrar\u00e1n en vigor a partir de la fecha de su publicaci\u00f3n en el sitio web traininginabox.it<\/li>\n<\/ol>\n<\/li>\n<\/ol>\n","protected":false},"excerpt":{"rendered":"<p>CONDICIONES DE VENTA ONE TEAM TRAINING IN A BOX &nbsp; \u00c1MBITO DE APLICACI\u00d3N Estas condiciones generales de venta regulan exclusivamente las relaciones comerciales entre One Team, srl (en adelante \u00abOT\u00bb o \u00abOne Team\u00bb) y los Clientes (tambi\u00e9n denominados \u00abUsuarios\u00bb), excluyendo &hellip; <\/p>\n","protected":false},"author":1,"featured_media":0,"parent":0,"menu_order":0,"comment_status":"closed","ping_status":"closed","template":"","meta":{"_bbp_topic_count":0,"_bbp_reply_count":0,"_bbp_total_topic_count":0,"_bbp_total_reply_count":0,"_bbp_voice_count":0,"_bbp_anonymous_reply_count":0,"_bbp_topic_count_hidden":0,"_bbp_reply_count_hidden":0,"_bbp_forum_subforum_count":0,"pmpro_default_level":"","footnotes":""},"class_list":["post-12735","page","type-page","status-publish","hentry","pmpro-has-access"],"yoast_head":"<!-- This site is optimized with the Yoast SEO plugin v26.2 - https:\/\/yoast.com\/wordpress\/plugins\/seo\/ -->\n<title>T\u00e9rminos y condiciones de venta - TRAINING IN A BOX<\/title>\n<meta name=\"robots\" content=\"index, follow, max-snippet:-1, max-image-preview:large, max-video-preview:-1\" \/>\n<link rel=\"canonical\" href=\"https:\/\/www.traininginabox.it\/es\/terminos-y-condiciones-de-venta\/\" \/>\n<meta property=\"og:locale\" content=\"es_ES\" \/>\n<meta property=\"og:type\" content=\"article\" \/>\n<meta property=\"og:title\" content=\"T\u00e9rminos y condiciones de venta - TRAINING IN A BOX\" \/>\n<meta property=\"og:description\" content=\"CONDICIONES DE VENTA ONE TEAM TRAINING IN A BOX &nbsp; \u00c1MBITO DE APLICACI\u00d3N Estas condiciones generales de venta regulan exclusivamente las relaciones comerciales entre One Team, srl (en adelante \u00abOT\u00bb o \u00abOne Team\u00bb) y los Clientes (tambi\u00e9n denominados \u00abUsuarios\u00bb), excluyendo &hellip;\" \/>\n<meta property=\"og:url\" content=\"https:\/\/www.traininginabox.it\/es\/terminos-y-condiciones-de-venta\/\" \/>\n<meta property=\"og:site_name\" content=\"TRAINING IN A BOX\" \/>\n<meta property=\"article:modified_time\" content=\"2023-07-20T10:24:50+00:00\" \/>\n<meta name=\"twitter:card\" content=\"summary_large_image\" \/>\n<meta name=\"twitter:label1\" content=\"Tiempo de lectura\" \/>\n\t<meta name=\"twitter:data1\" content=\"12 minutos\" \/>\n<script type=\"application\/ld+json\" class=\"yoast-schema-graph\">{\"@context\":\"https:\/\/schema.org\",\"@graph\":[{\"@type\":\"WebPage\",\"@id\":\"https:\/\/www.traininginabox.it\/es\/terminos-y-condiciones-de-venta\/\",\"url\":\"https:\/\/www.traininginabox.it\/es\/terminos-y-condiciones-de-venta\/\",\"name\":\"T\u00e9rminos y condiciones de venta - TRAINING IN A BOX\",\"isPartOf\":{\"@id\":\"https:\/\/www.traininginabox.it\/#website\"},\"datePublished\":\"2022-10-20T13:57:24+00:00\",\"dateModified\":\"2023-07-20T10:24:50+00:00\",\"breadcrumb\":{\"@id\":\"https:\/\/www.traininginabox.it\/es\/terminos-y-condiciones-de-venta\/#breadcrumb\"},\"inLanguage\":\"es\",\"potentialAction\":[{\"@type\":\"ReadAction\",\"target\":[\"https:\/\/www.traininginabox.it\/es\/terminos-y-condiciones-de-venta\/\"]}]},{\"@type\":\"BreadcrumbList\",\"@id\":\"https:\/\/www.traininginabox.it\/es\/terminos-y-condiciones-de-venta\/#breadcrumb\",\"itemListElement\":[{\"@type\":\"ListItem\",\"position\":1,\"name\":\"Home\",\"item\":\"https:\/\/www.traininginabox.it\/es\/\"},{\"@type\":\"ListItem\",\"position\":2,\"name\":\"T\u00e9rminos y condiciones de venta\"}]},{\"@type\":\"WebSite\",\"@id\":\"https:\/\/www.traininginabox.it\/#website\",\"url\":\"https:\/\/www.traininginabox.it\/\",\"name\":\"TRAINING IN A BOX\",\"description\":\"Impara dove e quando vuoi\",\"publisher\":{\"@id\":\"https:\/\/www.traininginabox.it\/#organization\"},\"potentialAction\":[{\"@type\":\"SearchAction\",\"target\":{\"@type\":\"EntryPoint\",\"urlTemplate\":\"https:\/\/www.traininginabox.it\/?s={search_term_string}\"},\"query-input\":{\"@type\":\"PropertyValueSpecification\",\"valueRequired\":true,\"valueName\":\"search_term_string\"}}],\"inLanguage\":\"es\"},{\"@type\":\"Organization\",\"@id\":\"https:\/\/www.traininginabox.it\/#organization\",\"name\":\"TRAINING IN A BOX\",\"url\":\"https:\/\/www.traininginabox.it\/\",\"logo\":{\"@type\":\"ImageObject\",\"inLanguage\":\"es\",\"@id\":\"https:\/\/www.traininginabox.it\/#\/schema\/logo\/image\/\",\"url\":\"https:\/\/www.traininginabox.it\/wp-content\/uploads\/2022\/11\/Logo-TIAB-p-2.png\",\"contentUrl\":\"https:\/\/www.traininginabox.it\/wp-content\/uploads\/2022\/11\/Logo-TIAB-p-2.png\",\"width\":400,\"height\":228,\"caption\":\"TRAINING IN A BOX\"},\"image\":{\"@id\":\"https:\/\/www.traininginabox.it\/#\/schema\/logo\/image\/\"}}]}<\/script>\n<!-- \/ Yoast SEO plugin. -->","yoast_head_json":{"title":"T\u00e9rminos y condiciones de venta - TRAINING IN A BOX","robots":{"index":"index","follow":"follow","max-snippet":"max-snippet:-1","max-image-preview":"max-image-preview:large","max-video-preview":"max-video-preview:-1"},"canonical":"https:\/\/www.traininginabox.it\/es\/terminos-y-condiciones-de-venta\/","og_locale":"es_ES","og_type":"article","og_title":"T\u00e9rminos y condiciones de venta - TRAINING IN A BOX","og_description":"CONDICIONES DE VENTA ONE TEAM TRAINING IN A BOX &nbsp; \u00c1MBITO DE APLICACI\u00d3N Estas condiciones generales de venta regulan exclusivamente las relaciones comerciales entre One Team, srl (en adelante \u00abOT\u00bb o \u00abOne Team\u00bb) y los Clientes (tambi\u00e9n denominados \u00abUsuarios\u00bb), excluyendo &hellip;","og_url":"https:\/\/www.traininginabox.it\/es\/terminos-y-condiciones-de-venta\/","og_site_name":"TRAINING IN A BOX","article_modified_time":"2023-07-20T10:24:50+00:00","twitter_card":"summary_large_image","twitter_misc":{"Tiempo de lectura":"12 minutos"},"schema":{"@context":"https:\/\/schema.org","@graph":[{"@type":"WebPage","@id":"https:\/\/www.traininginabox.it\/es\/terminos-y-condiciones-de-venta\/","url":"https:\/\/www.traininginabox.it\/es\/terminos-y-condiciones-de-venta\/","name":"T\u00e9rminos y condiciones de venta - TRAINING IN A BOX","isPartOf":{"@id":"https:\/\/www.traininginabox.it\/#website"},"datePublished":"2022-10-20T13:57:24+00:00","dateModified":"2023-07-20T10:24:50+00:00","breadcrumb":{"@id":"https:\/\/www.traininginabox.it\/es\/terminos-y-condiciones-de-venta\/#breadcrumb"},"inLanguage":"es","potentialAction":[{"@type":"ReadAction","target":["https:\/\/www.traininginabox.it\/es\/terminos-y-condiciones-de-venta\/"]}]},{"@type":"BreadcrumbList","@id":"https:\/\/www.traininginabox.it\/es\/terminos-y-condiciones-de-venta\/#breadcrumb","itemListElement":[{"@type":"ListItem","position":1,"name":"Home","item":"https:\/\/www.traininginabox.it\/es\/"},{"@type":"ListItem","position":2,"name":"T\u00e9rminos y condiciones de venta"}]},{"@type":"WebSite","@id":"https:\/\/www.traininginabox.it\/#website","url":"https:\/\/www.traininginabox.it\/","name":"TRAINING IN A BOX","description":"Impara dove e quando vuoi","publisher":{"@id":"https:\/\/www.traininginabox.it\/#organization"},"potentialAction":[{"@type":"SearchAction","target":{"@type":"EntryPoint","urlTemplate":"https:\/\/www.traininginabox.it\/?s={search_term_string}"},"query-input":{"@type":"PropertyValueSpecification","valueRequired":true,"valueName":"search_term_string"}}],"inLanguage":"es"},{"@type":"Organization","@id":"https:\/\/www.traininginabox.it\/#organization","name":"TRAINING IN A BOX","url":"https:\/\/www.traininginabox.it\/","logo":{"@type":"ImageObject","inLanguage":"es","@id":"https:\/\/www.traininginabox.it\/#\/schema\/logo\/image\/","url":"https:\/\/www.traininginabox.it\/wp-content\/uploads\/2022\/11\/Logo-TIAB-p-2.png","contentUrl":"https:\/\/www.traininginabox.it\/wp-content\/uploads\/2022\/11\/Logo-TIAB-p-2.png","width":400,"height":228,"caption":"TRAINING IN A BOX"},"image":{"@id":"https:\/\/www.traininginabox.it\/#\/schema\/logo\/image\/"}}]}},"_links":{"self":[{"href":"https:\/\/www.traininginabox.it\/es\/wp-json\/wp\/v2\/pages\/12735","targetHints":{"allow":["GET"]}}],"collection":[{"href":"https:\/\/www.traininginabox.it\/es\/wp-json\/wp\/v2\/pages"}],"about":[{"href":"https:\/\/www.traininginabox.it\/es\/wp-json\/wp\/v2\/types\/page"}],"author":[{"embeddable":true,"href":"https:\/\/www.traininginabox.it\/es\/wp-json\/wp\/v2\/users\/1"}],"replies":[{"embeddable":true,"href":"https:\/\/www.traininginabox.it\/es\/wp-json\/wp\/v2\/comments?post=12735"}],"version-history":[{"count":2,"href":"https:\/\/www.traininginabox.it\/es\/wp-json\/wp\/v2\/pages\/12735\/revisions"}],"predecessor-version":[{"id":12738,"href":"https:\/\/www.traininginabox.it\/es\/wp-json\/wp\/v2\/pages\/12735\/revisions\/12738"}],"wp:attachment":[{"href":"https:\/\/www.traininginabox.it\/es\/wp-json\/wp\/v2\/media?parent=12735"}],"curies":[{"name":"wp","href":"https:\/\/api.w.org\/{rel}","templated":true}]}}