{"id":12721,"date":"2023-03-06T08:03:03","date_gmt":"2023-03-06T08:03:03","guid":{"rendered":"https:\/\/www.traininginabox.it\/perche-training-in-a-box\/"},"modified":"2023-07-20T08:42:06","modified_gmt":"2023-07-20T08:42:06","slug":"por-que-elegir-training-in-a-box","status":"publish","type":"page","link":"https:\/\/www.traininginabox.it\/es\/por-que-elegir-training-in-a-box\/","title":{"rendered":"Training in a Box"},"content":{"rendered":"\t\t<div data-elementor-type=\"wp-page\" data-elementor-id=\"12721\" class=\"elementor elementor-12721 elementor-11723\" data-elementor-post-type=\"page\">\n\t\t\t\t\t\t<section class=\"elementor-section elementor-top-section elementor-element elementor-element-4b493ab elementor-section-boxed elementor-section-height-default elementor-section-height-default\" data-id=\"4b493ab\" data-element_type=\"section\">\n\t\t\t\t\t\t<div class=\"elementor-container elementor-column-gap-default\">\n\t\t\t\t\t<div class=\"elementor-column elementor-col-100 elementor-top-column elementor-element elementor-element-0fccfb1\" data-id=\"0fccfb1\" data-element_type=\"column\">\n\t\t\t<div class=\"elementor-widget-wrap elementor-element-populated\">\n\t\t\t\t\t\t<div class=\"elementor-element elementor-element-31d518b elementor-headline--style-rotate elementor-widget__width-initial elementor-widget elementor-widget-animated-headline\" data-id=\"31d518b\" data-element_type=\"widget\" data-settings=\"{&quot;rotating_text&quot;:&quot;Training in a Box&quot;,&quot;headline_style&quot;:&quot;rotate&quot;,&quot;animation_type&quot;:&quot;slide-down&quot;,&quot;loop&quot;:&quot;yes&quot;,&quot;rotate_iteration_delay&quot;:2500}\" data-widget_type=\"animated-headline.default\">\n\t\t\t\t<div class=\"elementor-widget-container\">\n\t\t\t\t\t\t\t<h3 class=\"elementor-headline elementor-headline-animation-type-slide-down\">\n\t\t\t\t\t<span class=\"elementor-headline-plain-text elementor-headline-text-wrapper\">Por qu\u00e9 elegir<\/span>\n\t\t\t\t<span class=\"elementor-headline-dynamic-wrapper elementor-headline-text-wrapper\">\n\t\t\t\t\t<span class=\"elementor-headline-dynamic-text elementor-headline-text-active\">\n\t\t\t\tTraining&nbsp;in&nbsp;a&nbsp;Box\t\t\t<\/span>\n\t\t\t\t\t\t<\/span>\n\t\t\t\t<\/h3>\n\t\t\t\t\t\t<\/div>\n\t\t\t\t<\/div>\n\t\t\t\t\t<\/div>\n\t\t<\/div>\n\t\t\t\t\t<\/div>\n\t\t<\/section>\n\t\t\t\t<section class=\"elementor-section elementor-top-section elementor-element elementor-element-455200e elementor-section-boxed elementor-section-height-default elementor-section-height-default\" data-id=\"455200e\" data-element_type=\"section\">\n\t\t\t\t\t\t<div class=\"elementor-container elementor-column-gap-default\">\n\t\t\t\t\t<div class=\"elementor-column elementor-col-100 elementor-top-column elementor-element elementor-element-74eff96\" data-id=\"74eff96\" data-element_type=\"column\">\n\t\t\t<div class=\"elementor-widget-wrap elementor-element-populated\">\n\t\t\t\t\t\t<section class=\"elementor-section elementor-inner-section elementor-element elementor-element-150bc82 elementor-section-boxed elementor-section-height-default elementor-section-height-default\" data-id=\"150bc82\" data-element_type=\"section\">\n\t\t\t\t\t\t<div class=\"elementor-container elementor-column-gap-default\">\n\t\t\t\t\t<div class=\"elementor-column elementor-col-50 elementor-inner-column elementor-element elementor-element-b77db7a\" data-id=\"b77db7a\" data-element_type=\"column\">\n\t\t\t<div class=\"elementor-widget-wrap elementor-element-populated\">\n\t\t\t\t\t\t<div class=\"elementor-element elementor-element-5ef7366 elementor-widget elementor-widget-text-editor\" data-id=\"5ef7366\" data-element_type=\"widget\" data-widget_type=\"text-editor.default\">\n\t\t\t\t<div class=\"elementor-widget-container\">\n\t\t\t\t\t\t\t\t\t<ul><li>Porque <strong>tienes acceso a nuestros cursos en video las 24 horas del d\u00eda, los 365 d\u00edas del a\u00f1o<\/strong>, sin la necesidad de cumplir horarios fijos.<\/li><li>Porque nuestra formaci\u00f3n es continua y altamente efectiva.<br \/><strong>Combina teor\u00eda, ejercicios pr\u00e1cticos<\/strong> y tutoriales personalizados<br \/>.<\/li><\/ul>\t\t\t\t\t\t\t\t<\/div>\n\t\t\t\t<\/div>\n\t\t\t\t\t<\/div>\n\t\t<\/div>\n\t\t\t\t<div class=\"elementor-column elementor-col-50 elementor-inner-column elementor-element elementor-element-3d16ec6\" data-id=\"3d16ec6\" data-element_type=\"column\">\n\t\t\t<div class=\"elementor-widget-wrap elementor-element-populated\">\n\t\t\t\t\t\t<div class=\"elementor-element elementor-element-bf496a7 elementor-widget elementor-widget-text-editor\" data-id=\"bf496a7\" data-element_type=\"widget\" data-widget_type=\"text-editor.default\">\n\t\t\t\t<div class=\"elementor-widget-container\">\n\t\t\t\t\t\t\t\t\t<ul><li>Porque <strong>nuestros instructores son profesionales y expertos<\/strong> que ofrecen formaci\u00f3n adaptada a las necesidades de los estudiantes.<\/li><li>Porque ofrecemos una formaci\u00f3n especializada y personalizada. <strong>Aprende c\u00f3mo, cu\u00e1ndo y d\u00f3nde quieras.<\/strong><\/li><\/ul>\t\t\t\t\t\t\t\t<\/div>\n\t\t\t\t<\/div>\n\t\t\t\t\t<\/div>\n\t\t<\/div>\n\t\t\t\t\t<\/div>\n\t\t<\/section>\n\t\t\t\t\t<\/div>\n\t\t<\/div>\n\t\t\t\t\t<\/div>\n\t\t<\/section>\n\t\t\t\t<section class=\"elementor-section elementor-top-section elementor-element elementor-element-f83710d elementor-section-boxed elementor-section-height-default elementor-section-height-default\" data-id=\"f83710d\" data-element_type=\"section\">\n\t\t\t\t\t\t<div class=\"elementor-container elementor-column-gap-default\">\n\t\t\t\t\t<div class=\"elementor-column elementor-col-100 elementor-top-column elementor-element elementor-element-8a60c19\" data-id=\"8a60c19\" data-element_type=\"column\">\n\t\t\t<div class=\"elementor-widget-wrap elementor-element-populated\">\n\t\t\t\t\t\t<section class=\"elementor-section elementor-inner-section elementor-element elementor-element-0f23375 elementor-section-boxed elementor-section-height-default elementor-section-height-default\" data-id=\"0f23375\" data-element_type=\"section\">\n\t\t\t\t\t\t<div class=\"elementor-container elementor-column-gap-default\">\n\t\t\t\t\t<div class=\"elementor-column elementor-col-25 elementor-inner-column elementor-element elementor-element-6156ea8\" data-id=\"6156ea8\" data-element_type=\"column\">\n\t\t\t<div class=\"elementor-widget-wrap elementor-element-populated\">\n\t\t\t\t\t\t<div class=\"elementor-element elementor-element-76889da elementor-widget elementor-widget-image\" data-id=\"76889da\" data-element_type=\"widget\" data-widget_type=\"image.default\">\n\t\t\t\t<div class=\"elementor-widget-container\">\n\t\t\t\t\t\t\t\t\t\t\t\t\t\t\t<img fetchpriority=\"high\" decoding=\"async\" width=\"800\" height=\"800\" src=\"https:\/\/www.traininginabox.it\/wp-content\/uploads\/2023\/05\/800x800_Docenti-Qualificati.png\" class=\"attachment-full size-full wp-image-12684\" alt=\"\" srcset=\"https:\/\/www.traininginabox.it\/wp-content\/uploads\/2023\/05\/800x800_Docenti-Qualificati.png 800w, https:\/\/www.traininginabox.it\/wp-content\/uploads\/2023\/05\/800x800_Docenti-Qualificati-300x300.png 300w, https:\/\/www.traininginabox.it\/wp-content\/uploads\/2023\/05\/800x800_Docenti-Qualificati-150x150.png 150w, https:\/\/www.traininginabox.it\/wp-content\/uploads\/2023\/05\/800x800_Docenti-Qualificati-768x768.png 768w, https:\/\/www.traininginabox.it\/wp-content\/uploads\/2023\/05\/800x800_Docenti-Qualificati-600x600.png 600w, https:\/\/www.traininginabox.it\/wp-content\/uploads\/2023\/05\/800x800_Docenti-Qualificati-100x100.png 100w\" sizes=\"(max-width: 800px) 100vw, 800px\" \/>\t\t\t\t\t\t\t\t\t\t\t\t\t\t\t<\/div>\n\t\t\t\t<\/div>\n\t\t\t\t<div class=\"elementor-element elementor-element-cd5da02 elementor-widget elementor-widget-heading\" data-id=\"cd5da02\" data-element_type=\"widget\" data-widget_type=\"heading.default\">\n\t\t\t\t<div class=\"elementor-widget-container\">\n\t\t\t\t\t<h2 class=\"elementor-heading-title elementor-size-default\">Profesores certificados<\/h2>\t\t\t\t<\/div>\n\t\t\t\t<\/div>\n\t\t\t\t\t<\/div>\n\t\t<\/div>\n\t\t\t\t<div class=\"elementor-column elementor-col-25 elementor-inner-column elementor-element elementor-element-4793d8e\" data-id=\"4793d8e\" data-element_type=\"column\">\n\t\t\t<div class=\"elementor-widget-wrap elementor-element-populated\">\n\t\t\t\t\t\t<div class=\"elementor-element elementor-element-862a874 elementor-widget elementor-widget-image\" data-id=\"862a874\" data-element_type=\"widget\" data-widget_type=\"image.default\">\n\t\t\t\t<div class=\"elementor-widget-container\">\n\t\t\t\t\t\t\t\t\t\t\t\t\t\t\t<img decoding=\"async\" width=\"800\" height=\"800\" src=\"https:\/\/www.traininginabox.it\/wp-content\/uploads\/2023\/05\/800x800_Lezioni-uniscono-teoria-e-pratica.png\" class=\"attachment-full size-full wp-image-12687\" alt=\"\" srcset=\"https:\/\/www.traininginabox.it\/wp-content\/uploads\/2023\/05\/800x800_Lezioni-uniscono-teoria-e-pratica.png 800w, https:\/\/www.traininginabox.it\/wp-content\/uploads\/2023\/05\/800x800_Lezioni-uniscono-teoria-e-pratica-300x300.png 300w, https:\/\/www.traininginabox.it\/wp-content\/uploads\/2023\/05\/800x800_Lezioni-uniscono-teoria-e-pratica-150x150.png 150w, https:\/\/www.traininginabox.it\/wp-content\/uploads\/2023\/05\/800x800_Lezioni-uniscono-teoria-e-pratica-768x768.png 768w, https:\/\/www.traininginabox.it\/wp-content\/uploads\/2023\/05\/800x800_Lezioni-uniscono-teoria-e-pratica-600x600.png 600w, https:\/\/www.traininginabox.it\/wp-content\/uploads\/2023\/05\/800x800_Lezioni-uniscono-teoria-e-pratica-100x100.png 100w\" sizes=\"(max-width: 800px) 100vw, 800px\" \/>\t\t\t\t\t\t\t\t\t\t\t\t\t\t\t<\/div>\n\t\t\t\t<\/div>\n\t\t\t\t<div class=\"elementor-element elementor-element-66c986f elementor-widget elementor-widget-heading\" data-id=\"66c986f\" data-element_type=\"widget\" data-widget_type=\"heading.default\">\n\t\t\t\t<div class=\"elementor-widget-container\">\n\t\t\t\t\t<h2 class=\"elementor-heading-title elementor-size-default\">Cursos que combinan teor\u00eda y pr\u00e1ctica<\/h2>\t\t\t\t<\/div>\n\t\t\t\t<\/div>\n\t\t\t\t\t<\/div>\n\t\t<\/div>\n\t\t\t\t<div class=\"elementor-column elementor-col-25 elementor-inner-column elementor-element elementor-element-0767ace\" data-id=\"0767ace\" data-element_type=\"column\">\n\t\t\t<div class=\"elementor-widget-wrap elementor-element-populated\">\n\t\t\t\t\t\t<div class=\"elementor-element elementor-element-bcb4e53 elementor-widget elementor-widget-image\" data-id=\"bcb4e53\" data-element_type=\"widget\" data-widget_type=\"image.default\">\n\t\t\t\t<div class=\"elementor-widget-container\">\n\t\t\t\t\t\t\t\t\t\t\t\t\t\t\t<img decoding=\"async\" width=\"800\" height=\"800\" src=\"https:\/\/www.traininginabox.it\/wp-content\/uploads\/2023\/05\/800x800_Lezioni-sempre-disponibili.png\" class=\"attachment-full size-full wp-image-12686\" alt=\"\" srcset=\"https:\/\/www.traininginabox.it\/wp-content\/uploads\/2023\/05\/800x800_Lezioni-sempre-disponibili.png 800w, https:\/\/www.traininginabox.it\/wp-content\/uploads\/2023\/05\/800x800_Lezioni-sempre-disponibili-300x300.png 300w, https:\/\/www.traininginabox.it\/wp-content\/uploads\/2023\/05\/800x800_Lezioni-sempre-disponibili-150x150.png 150w, https:\/\/www.traininginabox.it\/wp-content\/uploads\/2023\/05\/800x800_Lezioni-sempre-disponibili-768x768.png 768w, https:\/\/www.traininginabox.it\/wp-content\/uploads\/2023\/05\/800x800_Lezioni-sempre-disponibili-600x600.png 600w, https:\/\/www.traininginabox.it\/wp-content\/uploads\/2023\/05\/800x800_Lezioni-sempre-disponibili-100x100.png 100w\" sizes=\"(max-width: 800px) 100vw, 800px\" \/>\t\t\t\t\t\t\t\t\t\t\t\t\t\t\t<\/div>\n\t\t\t\t<\/div>\n\t\t\t\t<div class=\"elementor-element elementor-element-21b09ea elementor-widget elementor-widget-heading\" data-id=\"21b09ea\" data-element_type=\"widget\" data-widget_type=\"heading.default\">\n\t\t\t\t<div class=\"elementor-widget-container\">\n\t\t\t\t\t<h2 class=\"elementor-heading-title elementor-size-default\">Videos disponibles las 24 horas del d\u00eda<\/h2>\t\t\t\t<\/div>\n\t\t\t\t<\/div>\n\t\t\t\t\t<\/div>\n\t\t<\/div>\n\t\t\t\t<div class=\"elementor-column elementor-col-25 elementor-inner-column elementor-element elementor-element-41fa37b\" data-id=\"41fa37b\" data-element_type=\"column\">\n\t\t\t<div class=\"elementor-widget-wrap elementor-element-populated\">\n\t\t\t\t\t\t<div class=\"elementor-element elementor-element-170fdda elementor-widget elementor-widget-image\" data-id=\"170fdda\" data-element_type=\"widget\" data-widget_type=\"image.default\">\n\t\t\t\t<div class=\"elementor-widget-container\">\n\t\t\t\t\t\t\t\t\t\t\t\t\t\t\t<img loading=\"lazy\" decoding=\"async\" width=\"800\" height=\"800\" src=\"https:\/\/www.traininginabox.it\/wp-content\/uploads\/2023\/05\/800x800_Fai-lezione-dove-e-quando-vuoi.png\" class=\"attachment-full size-full wp-image-12685\" alt=\"\" srcset=\"https:\/\/www.traininginabox.it\/wp-content\/uploads\/2023\/05\/800x800_Fai-lezione-dove-e-quando-vuoi.png 800w, https:\/\/www.traininginabox.it\/wp-content\/uploads\/2023\/05\/800x800_Fai-lezione-dove-e-quando-vuoi-300x300.png 300w, https:\/\/www.traininginabox.it\/wp-content\/uploads\/2023\/05\/800x800_Fai-lezione-dove-e-quando-vuoi-150x150.png 150w, https:\/\/www.traininginabox.it\/wp-content\/uploads\/2023\/05\/800x800_Fai-lezione-dove-e-quando-vuoi-768x768.png 768w, https:\/\/www.traininginabox.it\/wp-content\/uploads\/2023\/05\/800x800_Fai-lezione-dove-e-quando-vuoi-600x600.png 600w, https:\/\/www.traininginabox.it\/wp-content\/uploads\/2023\/05\/800x800_Fai-lezione-dove-e-quando-vuoi-100x100.png 100w\" sizes=\"(max-width: 800px) 100vw, 800px\" \/>\t\t\t\t\t\t\t\t\t\t\t\t\t\t\t<\/div>\n\t\t\t\t<\/div>\n\t\t\t\t<div class=\"elementor-element elementor-element-4793793 elementor-widget elementor-widget-heading\" data-id=\"4793793\" data-element_type=\"widget\" data-widget_type=\"heading.default\">\n\t\t\t\t<div class=\"elementor-widget-container\">\n\t\t\t\t\t<h2 class=\"elementor-heading-title elementor-size-default\">Aprende donde y cuando quieras<\/h2>\t\t\t\t<\/div>\n\t\t\t\t<\/div>\n\t\t\t\t\t<\/div>\n\t\t<\/div>\n\t\t\t\t\t<\/div>\n\t\t<\/section>\n\t\t\t\t\t<\/div>\n\t\t<\/div>\n\t\t\t\t\t<\/div>\n\t\t<\/section>\n\t\t\t\t<\/div>\n\t\t","protected":false},"excerpt":{"rendered":"<p>Por qu\u00e9 elegir Training&nbsp;in&nbsp;a&nbsp;Box Porque tienes acceso a nuestros cursos en video las 24 horas del d\u00eda, los 365 d\u00edas del a\u00f1o, sin la necesidad de cumplir horarios fijos. Porque nuestra formaci\u00f3n es continua y altamente efectiva.Combina teor\u00eda, ejercicios pr\u00e1cticos &hellip; <\/p>\n","protected":false},"author":1,"featured_media":0,"parent":0,"menu_order":0,"comment_status":"closed","ping_status":"closed","template":"","meta":{"_bbp_topic_count":0,"_bbp_reply_count":0,"_bbp_total_topic_count":0,"_bbp_total_reply_count":0,"_bbp_voice_count":0,"_bbp_anonymous_reply_count":0,"_bbp_topic_count_hidden":0,"_bbp_reply_count_hidden":0,"_bbp_forum_subforum_count":0,"pmpro_default_level":"","footnotes":""},"class_list":["post-12721","page","type-page","status-publish","hentry","pmpro-has-access"],"yoast_head":"<!-- This site is optimized with the Yoast SEO plugin v26.2 - https:\/\/yoast.com\/wordpress\/plugins\/seo\/ -->\n<title>Perch\u00e9 scegliere Training in a Box<\/title>\n<meta name=\"description\" content=\"Perch\u00e9 scegliere Training in a box: docenti qualificati, corsi che uniscono teoria e pratica, video disponibili 24 ore su 24, impara dove e quando vuoi\" \/>\n<meta name=\"robots\" content=\"index, follow, max-snippet:-1, max-image-preview:large, max-video-preview:-1\" \/>\n<link rel=\"canonical\" href=\"https:\/\/www.traininginabox.it\/es\/por-que-elegir-training-in-a-box\/\" \/>\n<meta property=\"og:locale\" content=\"es_ES\" \/>\n<meta property=\"og:type\" content=\"article\" \/>\n<meta property=\"og:title\" content=\"Perch\u00e9 scegliere Training in a Box\" \/>\n<meta property=\"og:description\" content=\"Perch\u00e9 scegliere Training in a box: docenti qualificati, corsi che uniscono teoria e pratica, video disponibili 24 ore su 24, impara dove e quando vuoi\" \/>\n<meta property=\"og:url\" content=\"https:\/\/www.traininginabox.it\/es\/por-que-elegir-training-in-a-box\/\" \/>\n<meta property=\"og:site_name\" content=\"TRAINING IN A BOX\" \/>\n<meta property=\"article:modified_time\" content=\"2023-07-20T08:42:06+00:00\" \/>\n<meta property=\"og:image\" content=\"https:\/\/www.traininginabox.it\/wp-content\/uploads\/2023\/05\/800x800_Docenti-Qualificati.png\" \/>\n<meta name=\"twitter:card\" content=\"summary_large_image\" \/>\n<meta name=\"twitter:label1\" content=\"Tiempo de lectura\" \/>\n\t<meta name=\"twitter:data1\" content=\"2 minutos\" \/>\n<script type=\"application\/ld+json\" class=\"yoast-schema-graph\">{\"@context\":\"https:\/\/schema.org\",\"@graph\":[{\"@type\":\"WebPage\",\"@id\":\"https:\/\/www.traininginabox.it\/es\/por-que-elegir-training-in-a-box\/\",\"url\":\"https:\/\/www.traininginabox.it\/es\/por-que-elegir-training-in-a-box\/\",\"name\":\"Perch\u00e9 scegliere Training in a Box\",\"isPartOf\":{\"@id\":\"https:\/\/www.traininginabox.it\/#website\"},\"primaryImageOfPage\":{\"@id\":\"https:\/\/www.traininginabox.it\/es\/por-que-elegir-training-in-a-box\/#primaryimage\"},\"image\":{\"@id\":\"https:\/\/www.traininginabox.it\/es\/por-que-elegir-training-in-a-box\/#primaryimage\"},\"thumbnailUrl\":\"https:\/\/www.traininginabox.it\/wp-content\/uploads\/2023\/05\/800x800_Docenti-Qualificati.png\",\"datePublished\":\"2023-03-06T08:03:03+00:00\",\"dateModified\":\"2023-07-20T08:42:06+00:00\",\"description\":\"Perch\u00e9 scegliere Training in a box: docenti qualificati, corsi che uniscono teoria e pratica, video disponibili 24 ore su 24, impara dove e quando vuoi\",\"breadcrumb\":{\"@id\":\"https:\/\/www.traininginabox.it\/es\/por-que-elegir-training-in-a-box\/#breadcrumb\"},\"inLanguage\":\"es\",\"potentialAction\":[{\"@type\":\"ReadAction\",\"target\":[\"https:\/\/www.traininginabox.it\/es\/por-que-elegir-training-in-a-box\/\"]}]},{\"@type\":\"ImageObject\",\"inLanguage\":\"es\",\"@id\":\"https:\/\/www.traininginabox.it\/es\/por-que-elegir-training-in-a-box\/#primaryimage\",\"url\":\"https:\/\/www.traininginabox.it\/wp-content\/uploads\/2023\/05\/800x800_Docenti-Qualificati.png\",\"contentUrl\":\"https:\/\/www.traininginabox.it\/wp-content\/uploads\/2023\/05\/800x800_Docenti-Qualificati.png\"},{\"@type\":\"BreadcrumbList\",\"@id\":\"https:\/\/www.traininginabox.it\/es\/por-que-elegir-training-in-a-box\/#breadcrumb\",\"itemListElement\":[{\"@type\":\"ListItem\",\"position\":1,\"name\":\"Home\",\"item\":\"https:\/\/www.traininginabox.it\/es\/\"},{\"@type\":\"ListItem\",\"position\":2,\"name\":\"Training in a Box\"}]},{\"@type\":\"WebSite\",\"@id\":\"https:\/\/www.traininginabox.it\/#website\",\"url\":\"https:\/\/www.traininginabox.it\/\",\"name\":\"TRAINING IN A BOX\",\"description\":\"Impara dove e quando vuoi\",\"publisher\":{\"@id\":\"https:\/\/www.traininginabox.it\/#organization\"},\"potentialAction\":[{\"@type\":\"SearchAction\",\"target\":{\"@type\":\"EntryPoint\",\"urlTemplate\":\"https:\/\/www.traininginabox.it\/?s={search_term_string}\"},\"query-input\":{\"@type\":\"PropertyValueSpecification\",\"valueRequired\":true,\"valueName\":\"search_term_string\"}}],\"inLanguage\":\"es\"},{\"@type\":\"Organization\",\"@id\":\"https:\/\/www.traininginabox.it\/#organization\",\"name\":\"TRAINING IN A BOX\",\"url\":\"https:\/\/www.traininginabox.it\/\",\"logo\":{\"@type\":\"ImageObject\",\"inLanguage\":\"es\",\"@id\":\"https:\/\/www.traininginabox.it\/#\/schema\/logo\/image\/\",\"url\":\"https:\/\/www.traininginabox.it\/wp-content\/uploads\/2022\/11\/Logo-TIAB-p-2.png\",\"contentUrl\":\"https:\/\/www.traininginabox.it\/wp-content\/uploads\/2022\/11\/Logo-TIAB-p-2.png\",\"width\":400,\"height\":228,\"caption\":\"TRAINING IN A BOX\"},\"image\":{\"@id\":\"https:\/\/www.traininginabox.it\/#\/schema\/logo\/image\/\"}}]}<\/script>\n<!-- \/ Yoast SEO plugin. -->","yoast_head_json":{"title":"Perch\u00e9 scegliere Training in a Box","description":"Perch\u00e9 scegliere Training in a box: docenti qualificati, corsi che uniscono teoria e pratica, video disponibili 24 ore su 24, impara dove e quando vuoi","robots":{"index":"index","follow":"follow","max-snippet":"max-snippet:-1","max-image-preview":"max-image-preview:large","max-video-preview":"max-video-preview:-1"},"canonical":"https:\/\/www.traininginabox.it\/es\/por-que-elegir-training-in-a-box\/","og_locale":"es_ES","og_type":"article","og_title":"Perch\u00e9 scegliere Training in a Box","og_description":"Perch\u00e9 scegliere Training in a box: docenti qualificati, corsi che uniscono teoria e pratica, video disponibili 24 ore su 24, impara dove e quando vuoi","og_url":"https:\/\/www.traininginabox.it\/es\/por-que-elegir-training-in-a-box\/","og_site_name":"TRAINING IN A BOX","article_modified_time":"2023-07-20T08:42:06+00:00","og_image":[{"url":"https:\/\/www.traininginabox.it\/wp-content\/uploads\/2023\/05\/800x800_Docenti-Qualificati.png","type":"","width":"","height":""}],"twitter_card":"summary_large_image","twitter_misc":{"Tiempo de lectura":"2 minutos"},"schema":{"@context":"https:\/\/schema.org","@graph":[{"@type":"WebPage","@id":"https:\/\/www.traininginabox.it\/es\/por-que-elegir-training-in-a-box\/","url":"https:\/\/www.traininginabox.it\/es\/por-que-elegir-training-in-a-box\/","name":"Perch\u00e9 scegliere Training in a Box","isPartOf":{"@id":"https:\/\/www.traininginabox.it\/#website"},"primaryImageOfPage":{"@id":"https:\/\/www.traininginabox.it\/es\/por-que-elegir-training-in-a-box\/#primaryimage"},"image":{"@id":"https:\/\/www.traininginabox.it\/es\/por-que-elegir-training-in-a-box\/#primaryimage"},"thumbnailUrl":"https:\/\/www.traininginabox.it\/wp-content\/uploads\/2023\/05\/800x800_Docenti-Qualificati.png","datePublished":"2023-03-06T08:03:03+00:00","dateModified":"2023-07-20T08:42:06+00:00","description":"Perch\u00e9 scegliere Training in a box: docenti qualificati, corsi che uniscono teoria e pratica, video disponibili 24 ore su 24, impara dove e quando vuoi","breadcrumb":{"@id":"https:\/\/www.traininginabox.it\/es\/por-que-elegir-training-in-a-box\/#breadcrumb"},"inLanguage":"es","potentialAction":[{"@type":"ReadAction","target":["https:\/\/www.traininginabox.it\/es\/por-que-elegir-training-in-a-box\/"]}]},{"@type":"ImageObject","inLanguage":"es","@id":"https:\/\/www.traininginabox.it\/es\/por-que-elegir-training-in-a-box\/#primaryimage","url":"https:\/\/www.traininginabox.it\/wp-content\/uploads\/2023\/05\/800x800_Docenti-Qualificati.png","contentUrl":"https:\/\/www.traininginabox.it\/wp-content\/uploads\/2023\/05\/800x800_Docenti-Qualificati.png"},{"@type":"BreadcrumbList","@id":"https:\/\/www.traininginabox.it\/es\/por-que-elegir-training-in-a-box\/#breadcrumb","itemListElement":[{"@type":"ListItem","position":1,"name":"Home","item":"https:\/\/www.traininginabox.it\/es\/"},{"@type":"ListItem","position":2,"name":"Training in a Box"}]},{"@type":"WebSite","@id":"https:\/\/www.traininginabox.it\/#website","url":"https:\/\/www.traininginabox.it\/","name":"TRAINING IN A BOX","description":"Impara dove e quando vuoi","publisher":{"@id":"https:\/\/www.traininginabox.it\/#organization"},"potentialAction":[{"@type":"SearchAction","target":{"@type":"EntryPoint","urlTemplate":"https:\/\/www.traininginabox.it\/?s={search_term_string}"},"query-input":{"@type":"PropertyValueSpecification","valueRequired":true,"valueName":"search_term_string"}}],"inLanguage":"es"},{"@type":"Organization","@id":"https:\/\/www.traininginabox.it\/#organization","name":"TRAINING IN A BOX","url":"https:\/\/www.traininginabox.it\/","logo":{"@type":"ImageObject","inLanguage":"es","@id":"https:\/\/www.traininginabox.it\/#\/schema\/logo\/image\/","url":"https:\/\/www.traininginabox.it\/wp-content\/uploads\/2022\/11\/Logo-TIAB-p-2.png","contentUrl":"https:\/\/www.traininginabox.it\/wp-content\/uploads\/2022\/11\/Logo-TIAB-p-2.png","width":400,"height":228,"caption":"TRAINING IN A BOX"},"image":{"@id":"https:\/\/www.traininginabox.it\/#\/schema\/logo\/image\/"}}]}},"_links":{"self":[{"href":"https:\/\/www.traininginabox.it\/es\/wp-json\/wp\/v2\/pages\/12721","targetHints":{"allow":["GET"]}}],"collection":[{"href":"https:\/\/www.traininginabox.it\/es\/wp-json\/wp\/v2\/pages"}],"about":[{"href":"https:\/\/www.traininginabox.it\/es\/wp-json\/wp\/v2\/types\/page"}],"author":[{"embeddable":true,"href":"https:\/\/www.traininginabox.it\/es\/wp-json\/wp\/v2\/users\/1"}],"replies":[{"embeddable":true,"href":"https:\/\/www.traininginabox.it\/es\/wp-json\/wp\/v2\/comments?post=12721"}],"version-history":[{"count":4,"href":"https:\/\/www.traininginabox.it\/es\/wp-json\/wp\/v2\/pages\/12721\/revisions"}],"predecessor-version":[{"id":12726,"href":"https:\/\/www.traininginabox.it\/es\/wp-json\/wp\/v2\/pages\/12721\/revisions\/12726"}],"wp:attachment":[{"href":"https:\/\/www.traininginabox.it\/es\/wp-json\/wp\/v2\/media?parent=12721"}],"curies":[{"name":"wp","href":"https:\/\/api.w.org\/{rel}","templated":true}]}}